{"id":981,"date":"2022-05-19T06:10:31","date_gmt":"2022-05-19T06:10:31","guid":{"rendered":"https:\/\/first-ev.org\/?page_id=981"},"modified":"2023-02-27T10:57:59","modified_gmt":"2023-02-27T10:57:59","slug":"partners","status":"publish","type":"page","link":"https:\/\/first-ev.org\/de\/partners","title":{"rendered":"Partner"},"content":{"rendered":"<p>FIRST arbeitet eng mit den folgenden Partnern zusammen:<\/p>\n<style>\/*! elementor - v3.5.5 - 03-02-2022 *\/\n.elementor-widget-image-carousel .swiper-container{position:static}.elementor-widget-image-carousel .swiper-container .swiper-slide figure{line-height:inherit}.elementor-widget-image-carousel .swiper-slide{text-align:center}.elementor-image-carousel-wrapper:not(.swiper-container-initialized) .swiper-slide{max-width:calc(100% \/ var(--e-image-carousel-slides-to-show, 3))}<\/style>\n<figure><img decoding=\"async\" src=\"https:\/\/first-ev.org\/wp-content\/uploads\/2022\/05\/Absolute-Research-300x300-1-150x150.jpg\" alt=\"Absolute Research\" \/><\/figure>\n<figure><img decoding=\"async\" src=\"https:\/\/first-ev.org\/wp-content\/uploads\/2022\/06\/Eurosif-150x150.png\" alt=\"Eurosif\" \/><\/figure>\n<figure><img decoding=\"async\" src=\"https:\/\/first-ev.org\/wp-content\/uploads\/2022\/05\/FNG-150x150-1.png\" alt=\"FNG\" \/><\/figure>\n<figure><img decoding=\"async\" src=\"https:\/\/first-ev.org\/wp-content\/uploads\/2022\/05\/F2792427-9E53-4FB1-83BF-16BA7D13CA3C-150x150-1.jpeg\" alt=\"GRASFI\" \/><\/figure>\n<figure><img decoding=\"async\" src=\"https:\/\/first-ev.org\/wp-content\/uploads\/2022\/06\/Institutional-Shareholder-Services-Inc.-ISS-300x300-1-150x150.jpg\" alt=\"ISS\" \/><\/figure>\n<figure><img decoding=\"async\" src=\"https:\/\/first-ev.org\/wp-content\/uploads\/2022\/05\/MorningstarSustainalytics-logo-on-white-bg-300x300-1-150x150.png\" alt=\"MorningstarSustainalytics\" \/><\/figure>\n<figure><img decoding=\"async\" src=\"https:\/\/first-ev.org\/wp-content\/uploads\/2022\/05\/Principles-for-Responsible-Investment-150x150-1.png\" alt=\"PRI\" \/><\/figure>\n<figure><img decoding=\"async\" src=\"https:\/\/first-ev.org\/wp-content\/uploads\/2023\/02\/wpsf-logo-ohne-schrift-1-150x150.png\" alt=\"Logo der Wissenschaftsplattform Sustainable Finance\" \/><\/figure>\n<figure><img decoding=\"async\" src=\"https:\/\/first-ev.org\/wp-content\/uploads\/2022\/05\/VFU-150x150-1.jpg\" alt=\"VFU\" \/><\/figure>\n<p>\t\t\t\t\t\t\t\t\t\t\t\tPrevious<br \/>\n\t\t\t\t\t\t\t\t\t\t\t\tNext<\/p>\n<style>\/*! elementor - v3.5.5 - 03-02-2022 *\/\n.elementor-toggle{text-align:left}.elementor-toggle .elementor-tab-title{font-weight:700;line-height:1;margin:0;padding:15px;border-bottom:1px solid #d4d4d4;cursor:pointer;outline:none}.elementor-toggle .elementor-tab-title .elementor-toggle-icon{display:inline-block;width:1em}.elementor-toggle .elementor-tab-title .elementor-toggle-icon svg{-webkit-margin-start:-5px;margin-inline-start:-5px;width:1em;height:1em}.elementor-toggle .elementor-tab-title .elementor-toggle-icon.elementor-toggle-icon-right{float:right;text-align:right}.elementor-toggle .elementor-tab-title .elementor-toggle-icon.elementor-toggle-icon-left{float:left;text-align:left}.elementor-toggle .elementor-tab-title .elementor-toggle-icon .elementor-toggle-icon-closed{display:block}.elementor-toggle .elementor-tab-title .elementor-toggle-icon .elementor-toggle-icon-opened{display:none}.elementor-toggle .elementor-tab-title.elementor-active{border-bottom:none}.elementor-toggle .elementor-tab-title.elementor-active .elementor-toggle-icon-closed{display:none}.elementor-toggle .elementor-tab-title.elementor-active .elementor-toggle-icon-opened{display:block}.elementor-toggle .elementor-tab-content{padding:15px;border-bottom:1px solid #d4d4d4;display:none}@media (max-width:767px){.elementor-toggle .elementor-tab-title{padding:12px}.elementor-toggle .elementor-tab-content{padding:12px 10px}}<\/style>\n<p>\t\t\t\t\t\t\t\t\t\t\t\t<a href=\"\">Absolut Research GmbH<\/a><\/p>\n<p class=\"translation-block\">Die Absolut Research GmbH ist ein unabh\u00e4ngiges Verlags- und Researchunternehmen f\u00fcr die institutionelle Verm\u00f6gensverwaltung im deutschsprachigen Raum. In seinem Verlagsbereich hat Absolut Research 2016 mit <a href=\"https:\/\/www.absolut-research.de\/publikationen\/absolutimpact\/ausgaben\/\" target=\"_blank\" rel=\"noopener\">Absolut|impact<\/a> das erste deutschsprachige Magazin f\u00fcr Nachhaltigkeit und langfristiges Investieren herausgebracht - neben seinem Flaggschiff <a href=\"https:\/\/www.absolut-research.de\/publikationen\/absolutreport\/ausgaben\/\" target=\"_blank\" rel=\"noopener\">Absolut|report<\/a>, das seit 2001 erscheint. In der Research-Abteilung werden Asset Manager anhand ihrer Performance mit Investmentfonds quantitativ analysiert - darunter auch Fonds, die Nachhaltigkeits- und ESG-Strategien integrieren.<\/p>\n<p><a href=\"http:\/\/www.absolut-research.de\/\" target=\"_blank\" rel=\"noopener\">Mehr &gt;<\/a><\/p>\n<p>\t\t\t\t\t\t\t\t\t\t\t\t<a href=\"\">Center for Sustainable Finance and Private Wealth (CSP)<\/a><\/p>\n<p>Das CSP betreibt Forschung und schult aktuelle und k\u00fcnftige Eigent\u00fcmer von Privatverm\u00f6gen und deren Umfeld, um Privatverm\u00f6gen und Sustainable Finance als wesentliche Triebkraft f\u00fcr nachhaltige Entwicklung zu aktivieren. Das CSP ist am Institut f\u00fcr Banking und Finance der Universit\u00e4t Z\u00fcrich angesiedelt. Prof. Dr. Timo Busch ist ein Senior Fellow am CSP.<\/p>\n<p><a href=\"http:\/\/www.csp.uzh.ch\/\" target=\"_blank\" rel=\"noopener\">Mehr &gt;<\/a><\/p>\n<p>\t\t\t\t\t\t\t\t\t\t\t\t<a href=\"\">Eurosif<\/a><\/p>\n<p>Eurosif ist der f\u00fchrende paneurop\u00e4ische Verband zur F\u00f6rderung des nachhaltigen Finanzwesens auf europ\u00e4ischer Ebene, der die EU, den erweiterten Europ\u00e4ischen Wirtschaftsraum (EWR) und das Vereinigte K\u00f6nigreich (UK) umfasst. Eurosif ist ein Verbund aus in Europa ans\u00e4ssigen nationalen Foren f\u00fcr nachhaltige Investitionen (SIFs). Jedes der SIFs hat eine breite und vielf\u00e4ltige Mitgliederschaft, einschlie\u00dflich Verm\u00f6gensverwaltern, institutionellen Anlegern, Indexanbietern und Anbietern von ESG-Research und -Analysen mit einem verwalteten Gesamtverm\u00f6gen von \u00fcber 20 Billionen EUR.<\/p>\n<p><a href=\"https:\/\/www.eurosif.org\/\">Mehr &gt;<\/a><\/p>\n<p>\t\t\t\t\t\t\t\t\t\t\t\t<a href=\"\">Forum Nachhaltige Geldanlagen e.V. (FNG)<\/a><br \/>\n\t\t\t\t\tThe FNG is the Sustainable Investment Forum (SIF) in Germany, Austria, Liechtenstein and Switzerland and represents over 200 members who are committed to more sustainability in the future. It awards the transparency logo for sustainable investment funds, publishes the FNG Sustainability Profiles and the FNG Matrix and has developed the FNG Label for sustainable investment funds. The FNG is also a founding member of the European umbrella Organisation Eurosif.\u00a0The QNG (Qualit\u00e4tssicherungsgesellschaft Nachhaltiger Geldanlagen GmbH) is an FNG subsidiary. It contributes to the quality assurance of sustainable investments through the certification of financial products, expert opinions and the development of standards and services. It is responsible for the coordination, awarding and marketing of the FNG Label.\u00a0<\/p>\n<p><a href=\"https:\/\/www.forum-ng.org\/de\/\" target=\"_blank\" rel=\"noopener\">Mehr &gt;<\/a><\/p>\n<p>\t\t\t\t\t\t\t\t\t\t\t\t<a href=\"\">Global Research Alliance for Sustainable Finance and Investment<\/a><\/p>\n<p>Die Global Research Alliance for Sustainable Finance and Investment (die \"Allianz\") wurde 2017 gegr\u00fcndet, um die multidisziplin\u00e4re akademische Forschung zu Sustainable Finance and Investment zu f\u00f6rdern. Die Allianz besteht aus globalen Forschungsuniversit\u00e4ten, die alle \u00fcber Fachwissen in diesem aufstrebenden Bereich verf\u00fcgen.<\/p>\n<p>Die Ziele der Allianz sind: die Organisation der wichtigsten j\u00e4hrlichen akademischen Konferenz zu Sustainable Finance and Investment auf internationaler Ebene; die Entwicklung der akademischen Zusammenarbeit zwischen Forschern, die im Bereich Sustainable Finance and Investment arbeiten; und die F\u00f6rderung des Wachstums und der Entwicklung von Studenten und Nachwuchswissenschaftlern, die im Bereich Sustainable Finance and Investment arbeiten.\u00a0<\/p>\n<p><a href=\"https:\/\/www.sustainablefinancealliance.org\/\" target=\"_blank\" rel=\"noopener\">Mehr &gt;<\/a><\/p>\n<p>\t\t\t\t\t\t\t\t\t\t\t\t<a href=\"\">ISS ESG<\/a><\/p>\n<p>ISS ESG erm\u00f6glicht es Anlegern, Richtlinien und Praktiken f\u00fcr verantwortungsbewusstes Investieren zu entwickeln und zu integrieren, sich f\u00fcr verantwortungsbewusste Investitionen zu engagieren und die Praktiken von Portfoliounternehmen durch Screening-L\u00f6sungen zu pr\u00fcfen.<\/p>\n<p>Au\u00dferdem bietet ISS ESG Klimadaten, Analysen und Beratungsdienste an, um Finanzmarktteilnehmern dabei zu helfen, klimabezogene Risiken \u00fcber alle Anlageklassen hinweg zu verstehen, zu messen und entsprechend zu handeln. Dar\u00fcber hinaus umfassen die ESG-L\u00f6sungen ESG-Research und Ratings f\u00fcr Unternehmen und L\u00e4nder, die es den Kunden erm\u00f6glichen, wesentliche soziale und \u00f6kologische Risiken und Chancen zu erkennen.<\/p>\n<p><a href=\"https:\/\/www.issgovernance.com\/esg\/\" target=\"_blank\" rel=\"noopener\">Mehr &gt;<\/a><\/p>\n<p>\t\t\t\t\t\t\t\t\t\t\t\t<a href=\"\">Morningstar Sustainalytics<\/a><\/p>\n<p>Morningstar Sustainalytics ist ein weltweit f\u00fchrender Anbieter von ESG- und Corporate Governance-Forschung und -Ratings. In den letzten 25 Jahren brachte das Unternehmen f\u00fchrende ESG-Research und Kundenbetreuungsexperten zusammen. Heute unterst\u00fctzt Sustainalytics Hunderte der weltweit f\u00fchrenden Investoren, die ESG- und Corporate Governance Erkenntnisse in ihre Anlageprozesse einbeziehen. Das akademische Programm von Sustainalytics zielt darauf ab, verantwortungsbewusste Investmentforschung zu f\u00f6rdern und die steigende Nachfrage nach ESG-Kenntnissen aus der Wissenschaft zu befriedigen. Im Rahmen dieses Programms bietet Sustainalytics eine Reihe von ESG-Daten zur Unterst\u00fctzung von Studien an.<\/p>\n<p><a href=\"https:\/\/www.sustainalytics.com\/\" target=\"_blank\" rel=\"noopener\">Mehr &gt;<\/a><\/p>\n<p>\t\t\t\t\t\t\t\t\t\t\t\t<a href=\"\">PRI<\/a><\/p>\n<p>Die Principles for Responsible Investment (PRI) sind der weltweit f\u00fchrende Zusammenschluss f\u00fcr verantwortungsbewusstes Investment. Sie arbeiten daran, die Auswirkungen von Umwelt-, Sozial- und Governance-Faktoren (ESG) auf Investitionen zu verstehen, um ihr internationales Netzwerk von Unterzeichnern bei der Einbeziehung dieser Faktoren in ihre Investitions- und Eigentumsentscheidungen zu unterst\u00fctzen. Prof. Dr. Alexander Bassen ist Co-Vorsitzender des akademischen Netzwerks.<\/p>\n<p><a href=\"https:\/\/www.unpri.org\/\" target=\"_blank\" rel=\"noopener\">Mehr &gt;<\/a><\/p>\n<p>\t\t\t\t\t\t\t\t\t\t\t\t<a href=\"\">Research Platform Sustainable Finance<\/a><\/p>\n<p>The scientific members of the research group are founding members of the Research Platform Sustainable Finance. This project is comprised of several universities and institutes and is funded by Mercator Stiftung.<\/p>\n<p>The Research Platform Sustainable Finance is a network of five German research institutions including DIW Berlin, University of Hamburg, University of Augsburg, Frankfurt School of Finance and Management and University of Kassel, that have been conducting intensive research on sustainable finance for many years. The aim of the platform is to provide scientific support in answering key social, political and private sector questions, to provide established and emerging knowledge and to play an advisory role in the political and public discourse, for example by providing input and feedback to the Sustainable Finance Advisory Board of the German Federal Government.<\/p>\n<p><a href=\"https:\/\/wpsf.de\/\" target=\"_blank\" rel=\"noopener\">Mehr &gt;<\/a><\/p>\n<p>\t\t\t\t\t\t\t\t\t\t\t\t<a href=\"\">VfU<\/a><\/p>\n<p>Das Netzwerk des Vereins f\u00fcr Umweltmanagement und Nachhaltigkeit in Finanzinstituten e.V. (VfU) ist in der DACH-Region (Deutschland, \u00d6sterreich und Schweiz) die wichtigste Initiative zur F\u00f6rderung von Nachhaltigkeitspraktiken in der Finanzbranche. Das 1995 gegr\u00fcndete Netzwerk besteht aus mehr als 40 Finanzinstituten. Prof. Dr. Timo Busch ist Mitglied des wissenschaftlichen Beirats.<\/p>\n<p><a href=\"http:\/\/vfu.de\/\" target=\"_blank\" rel=\"noopener\">Mehr &gt;<\/a><\/p>","protected":false},"excerpt":{"rendered":"<p>FIRST is in close collaboration with the following stakeholders: Previous Next Absolut Research GmbH Absolut Research GmbH is an independent publishing house and research company for institutional asset management in German-speaking markets. In its publishing arm, Absolut Research launched the first dedicated magazine for sustainability and long-term investing in German<\/p>","protected":false},"author":1,"featured_media":0,"parent":0,"menu_order":0,"comment_status":"closed","ping_status":"closed","template":"","meta":{"footnotes":""},"class_list":["post-981","page","type-page","status-publish","hentry"],"aioseo_notices":[],"_links":{"self":[{"href":"https:\/\/first-ev.org\/de\/wp-json\/wp\/v2\/pages\/981","targetHints":{"allow":["GET"]}}],"collection":[{"href":"https:\/\/first-ev.org\/de\/wp-json\/wp\/v2\/pages"}],"about":[{"href":"https:\/\/first-ev.org\/de\/wp-json\/wp\/v2\/types\/page"}],"author":[{"embeddable":true,"href":"https:\/\/first-ev.org\/de\/wp-json\/wp\/v2\/users\/1"}],"replies":[{"embeddable":true,"href":"https:\/\/first-ev.org\/de\/wp-json\/wp\/v2\/comments?post=981"}],"version-history":[{"count":14,"href":"https:\/\/first-ev.org\/de\/wp-json\/wp\/v2\/pages\/981\/revisions"}],"predecessor-version":[{"id":1064,"href":"https:\/\/first-ev.org\/de\/wp-json\/wp\/v2\/pages\/981\/revisions\/1064"}],"wp:attachment":[{"href":"https:\/\/first-ev.org\/de\/wp-json\/wp\/v2\/media?parent=981"}],"curies":[{"name":"wp","href":"https:\/\/api.w.org\/{rel}","templated":true}]}}