{"id":1166,"date":"2024-04-25T10:31:28","date_gmt":"2024-04-25T10:31:28","guid":{"rendered":"https:\/\/first-ev.org\/?page_id=1166"},"modified":"2025-03-26T11:58:52","modified_gmt":"2025-03-26T11:58:52","slug":"fng-siegel","status":"publish","type":"page","link":"https:\/\/first-ev.org\/de\/fng-siegel","title":{"rendered":"FNG-Siegel"},"content":{"rendered":"<style>\/*! elementor - v3.21.0 - 25-04-2024 *\/<br \/>\n.elementor-widget-image{text-align:center}.elementor-widget-image a{display:inline-block}.elementor-widget-image a img[src$=\".svg\"]{width:48px}.elementor-widget-image img{vertical-align:middle;display:inline-block}<\/style>\n<p><img loading=\"lazy\" decoding=\"async\" src=\"https:\/\/first-ev.org\/wp-content\/uploads\/2024\/04\/slider_001b-768x549.jpg\" sizes=\"auto, (max-width: 640px) 100vw, 640px\" srcset=\"https:\/\/first-ev.org\/wp-content\/uploads\/2024\/04\/slider_001b-768x549.jpg 768w, https:\/\/first-ev.org\/wp-content\/uploads\/2024\/04\/slider_001b-300x214.jpg 300w, https:\/\/first-ev.org\/wp-content\/uploads\/2024\/04\/slider_001b-1024x731.jpg 1024w, https:\/\/first-ev.org\/wp-content\/uploads\/2024\/04\/slider_001b-1536x1097.jpg 1536w, https:\/\/first-ev.org\/wp-content\/uploads\/2024\/04\/slider_001b-18x12.jpg 18w, https:\/\/first-ev.org\/wp-content\/uploads\/2024\/04\/slider_001b.jpg 1900w\" alt=\"\" width=\"640\" height=\"458\" \/><\/p>\n<p>Das FNG-Label ist der Qualit\u00e4tsstandard f\u00fcr nachhaltige Investmentfonds im deutschsprachigen Raum. Es kam 2015 nach einem dreij\u00e4hrigen Entwicklungsprozess unter Einbezug ma\u00dfgeblicher Stakeholder auf den Markt. Die damit einhergehende Nachhaltigkeits-Zertifizierung muss j\u00e4hrlich erneuert werden.<\/p>\n<p>F.I.R.S.T. e.V. hat das Mandat, den Labelprozess operativ durchzuf\u00fchren.<\/p>\n<p>Die ganzheitliche Methodik des FNG-Labels basiert auf einem Mindeststandard. Dazu z\u00e4hlen Transparenzkriterien und die Ber\u00fccksichtigung von Arbeits- und Menschenrechten, Umweltschutz und Korruptionsbek\u00e4mpfung wie sie im weltweit anerkannten UN Global Compact zusammengefasst sind. Auch m\u00fcssen alle Unternehmen des jeweiligen Fonds explizit auf Nachhaltigkeits-Kriterien hin analysiert werden und das Produkt eine explizite Nachhaltigkeits-Strategie vorweisen. Investitionen in Atomkraft, Kohlebergbau, bedeutsame Kohleverstromung, Fracking, \u00d6lsande, Tabakproduktion sowie Waffen und R\u00fcstung sind tabu.<\/p>\n<p>Hochwertige Nachhaltigkeits-Fonds, die sich in den Bereichen \u201einstitutionelle Glaubw\u00fcrdigkeit\u201c, \u201eProduktstandards\u201c und \u201ePortfolio-Fokus\u201c (Titelauswahl, Engagement und KPIs) besonders hervorheben, erhalten bis zu drei Sterne.<\/p>\n<p>Weitere Informationen finden Sie hier: <a href=\"https:\/\/fng-siegel.org\/\">https:\/\/fng-siegel.org\/<\/a><\/p>\n","protected":false},"excerpt":{"rendered":"<p>Das FNG-Label ist der Qualit\u00e4tsstandard f\u00fcr nachhaltige Investmentfonds im deutschsprachigen Raum. Es kam 2015 nach einem dreij\u00e4hrigen Entwicklungsprozess unter Einbezug ma\u00dfgeblicher Stakeholder auf den Markt. Die damit einhergehende Nachhaltigkeits-Zertifizierung muss j\u00e4hrlich erneuert werden. F.I.R.S.T. e.V. hat das Mandat, den Labelprozess operativ durchzuf\u00fchren. Die ganzheitliche Methodik des FNG-Labels basiert auf einem<\/p>","protected":false},"author":3,"featured_media":0,"parent":0,"menu_order":0,"comment_status":"closed","ping_status":"closed","template":"","meta":{"footnotes":""},"class_list":["post-1166","page","type-page","status-publish","hentry"],"aioseo_notices":[],"_links":{"self":[{"href":"https:\/\/first-ev.org\/de\/wp-json\/wp\/v2\/pages\/1166","targetHints":{"allow":["GET"]}}],"collection":[{"href":"https:\/\/first-ev.org\/de\/wp-json\/wp\/v2\/pages"}],"about":[{"href":"https:\/\/first-ev.org\/de\/wp-json\/wp\/v2\/types\/page"}],"author":[{"embeddable":true,"href":"https:\/\/first-ev.org\/de\/wp-json\/wp\/v2\/users\/3"}],"replies":[{"embeddable":true,"href":"https:\/\/first-ev.org\/de\/wp-json\/wp\/v2\/comments?post=1166"}],"version-history":[{"count":17,"href":"https:\/\/first-ev.org\/de\/wp-json\/wp\/v2\/pages\/1166\/revisions"}],"predecessor-version":[{"id":1286,"href":"https:\/\/first-ev.org\/de\/wp-json\/wp\/v2\/pages\/1166\/revisions\/1286"}],"wp:attachment":[{"href":"https:\/\/first-ev.org\/de\/wp-json\/wp\/v2\/media?parent=1166"}],"curies":[{"name":"wp","href":"https:\/\/api.w.org\/{rel}","templated":true}]}}