{"id":1157,"date":"2024-04-25T08:58:03","date_gmt":"2024-04-25T08:58:03","guid":{"rendered":"https:\/\/first-ev.org\/?page_id=1157"},"modified":"2024-12-02T12:47:43","modified_gmt":"2024-12-02T12:47:43","slug":"events","status":"publish","type":"page","link":"https:\/\/first-ev.org\/de\/events","title":{"rendered":"Events"},"content":{"rendered":"<style>\/*! elementor - v3.22.0 - 26-06-2024 *\/<br \/>\n.elementor-heading-title{padding:0;margin:0;line-height:1}.elementor-widget-heading .elementor-heading-title[class*=elementor-size-]>a{color:inherit;font-size:inherit;line-height:inherit}.elementor-widget-heading .elementor-heading-title.elementor-size-small{font-size:15px}.elementor-widget-heading .elementor-heading-title.elementor-size-medium{font-size:19px}.elementor-widget-heading .elementor-heading-title.elementor-size-large{font-size:29px}.elementor-widget-heading .elementor-heading-title.elementor-size-xl{font-size:39px}.elementor-widget-heading .elementor-heading-title.elementor-size-xxl{font-size:59px}<\/style>\n<h2>Roundtable<\/h2>\n<p class=\"font_8 wixui-rich-text__text\"><span class=\"wixui-rich-text__text\">Der Sustainable Finance Roundtable Hamburg ist eine Initiative der <a href=\"https:\/\/www.sfrg.org\/\">Sustainable Finance Research Group<\/a> an der <a href=\"https:\/\/www.uni-hamburg.de\/\">Universit\u00e4t Hamburg<\/a>, <a href=\"https:\/\/first-ev.org\/\">F.I.R.S.T. e.V.<\/a>, der <a href=\"https:\/\/www.finance-city.hamburg\/\">Finance City Hamburg<\/a>, der <a href=\"https:\/\/tinyurl.com\/jew65tm2\">UmweltPartnerschaft Hamburg<\/a> (UPHH) und der <a href=\"https:\/\/www.deutsche-investment.com\/\">Deutsche Investment Kapitalverwaltung AG<\/a> aus dem Finanzplatz Hamburg. Ziel ist es, in regelm\u00e4\u00dfigen Abst\u00e4nden Workshops zu organisieren, auf denen intensiv die verschiedenen Facetten des Themas nachhaltige Finanzen diskutiert werden. Hierzu z\u00e4hlt unter anderem: ESG Implementation in der Praxis, Sustainable Finance Regulierungen, nationale und internationale Reporting Standards. <\/span><\/p>\n<p class=\"font_8 wixui-rich-text__text\"><span class=\"wixui-rich-text__text\">An dem Roundtable k\u00f6nnen alle Akademiker*innen und Finanzakteur*innen aus dem Raum Hamburg teilnehmen, die einen Bezug zu dem Thema nachhaltige Finanzen\/ESG haben bzw. Interesse an den Themen haben. Es handelt sich nicht um eine Vortragsreihe, sondern vielmehr um einen Austausch auf Augenh\u00f6he aus verschiedenen Perspektiven. Das Ziel ist ein gemeinsames Verst\u00e4ndnis der aktuellen Herausforderungen und eine St\u00e4rkung des Finanzplatzes Hamburg.<\/span><\/p>\n<p class=\"font_8 wixui-rich-text__text\"><span class=\"wixui-rich-text__text\">Der n\u00e4chste Sustainable Finance Roundtable Hamburg findet am Mittwoch, den <strong>05.02.2025 um 17:00 Uhr<\/strong>, bei <strong>Ernst &amp; Young <\/strong>(Rothenbaumchaussee 78, 20148 Hamburg) statt.<br \/>\n<strong>\u00a0<\/strong><br \/>\nDie Agenda befindet sich noch im Aufbau. Das Thema f\u00fcr den Impulsvortrag wird \u201eImpact\u201c sein. Zudem wollen wir die diskutierte Idee mit den \u201eTischen\u201c aufgreifen.<br \/>\nSpezifische Vorschl\u00e4ge hierzu sind herzlich willkommen.<\/span><\/p>\n<p>Anmeldungen und Vorschl\u00e4ge bitte per E-Mail an diese Adresse: <a class=\"wixui-rich-text__text\" href=\"mailto:sarah.wendt@uni-hamburg.de\" data-auto-recognition=\"true\">sarah.wendt@uni-hamburg.de<\/a><\/p>\n<p class=\"font_8 wixui-rich-text__text\"><span class=\"wixui-rich-text__text\">Wenn Sie die Agenden der letzten Roundtables noch einmal nachlesen m\u00f6chten, k\u00f6nnen Sie dies hier tun:<\/span><\/p>\n<p class=\"font_8 wixui-rich-text__text\"><span class=\"wixui-rich-text__text\">&#8211; 1. Roundtable am 19. Juni 2024: <a href=\"https:\/\/first-ev.org\/wp-content\/uploads\/2024\/09\/1.-Roundtable.pdf\">1. Roundtable<\/a><br \/>\n<\/span><\/p>\n<p class=\"font_8 wixui-rich-text__text\"><span class=\"wixui-rich-text__text\">&#8211; 2. Roundtable am 3. September 2024: <a href=\"https:\/\/first-ev.org\/wp-content\/uploads\/2024\/09\/2.-Roundtable.pdf\">2. Roundtable<\/a><\/span><\/p>\n<p class=\"font_8 wixui-rich-text__text\">\n","protected":false},"excerpt":{"rendered":"<p>Roundtable Der Sustainable Finance Roundtable Hamburg ist eine Initiative der Sustainable Finance Research Group an der Universit\u00e4t Hamburg, F.I.R.S.T. e.V., der Finance City Hamburg, der UmweltPartnerschaft Hamburg (UPHH) und der Deutsche Investment Kapitalverwaltung AG aus dem Finanzplatz Hamburg. Ziel ist es, in regelm\u00e4\u00dfigen Abst\u00e4nden Workshops zu organisieren, auf denen intensiv<\/p>","protected":false},"author":3,"featured_media":0,"parent":0,"menu_order":0,"comment_status":"closed","ping_status":"closed","template":"","meta":{"footnotes":""},"class_list":["post-1157","page","type-page","status-publish","hentry"],"aioseo_notices":[],"_links":{"self":[{"href":"https:\/\/first-ev.org\/de\/wp-json\/wp\/v2\/pages\/1157","targetHints":{"allow":["GET"]}}],"collection":[{"href":"https:\/\/first-ev.org\/de\/wp-json\/wp\/v2\/pages"}],"about":[{"href":"https:\/\/first-ev.org\/de\/wp-json\/wp\/v2\/types\/page"}],"author":[{"embeddable":true,"href":"https:\/\/first-ev.org\/de\/wp-json\/wp\/v2\/users\/3"}],"replies":[{"embeddable":true,"href":"https:\/\/first-ev.org\/de\/wp-json\/wp\/v2\/comments?post=1157"}],"version-history":[{"count":44,"href":"https:\/\/first-ev.org\/de\/wp-json\/wp\/v2\/pages\/1157\/revisions"}],"predecessor-version":[{"id":1277,"href":"https:\/\/first-ev.org\/de\/wp-json\/wp\/v2\/pages\/1157\/revisions\/1277"}],"wp:attachment":[{"href":"https:\/\/first-ev.org\/de\/wp-json\/wp\/v2\/media?parent=1157"}],"curies":[{"name":"wp","href":"https:\/\/api.w.org\/{rel}","templated":true}]}}