{"id":101,"date":"2022-02-21T19:54:17","date_gmt":"2022-02-21T19:54:17","guid":{"rendered":"http:\/\/first-ev.org\/contact-us"},"modified":"2025-07-22T13:53:10","modified_gmt":"2025-07-22T13:53:10","slug":"members","status":"publish","type":"page","link":"https:\/\/first-ev.org\/de\/members","title":{"rendered":"Mitglieder"},"content":{"rendered":"<p>Unser Team besteht aus Universit\u00e4tsprofessoren und Investment-Experten mit einem Hintergrund in den Bereichen Wirtschaft, Finanzen und Nachhaltigkeit sowie jahrelanger Erfahrung im Bereich nachhaltige Finanzen.<\/p>\n<figure><img loading=\"lazy\" decoding=\"async\" class=\"alignnone size-medium wp-image-296\" src=\"https:\/\/first-ev.org\/wp-content\/uploads\/2022\/02\/Busch-1-1024x850-1-300x249.jpg\" alt=\"\" width=\"300\" height=\"249\" \/><\/figure>\n<h3>Timo Busch<\/h3>\n<p style=\"text-align: left;\">Timo Busch ist Professor an der Fakult\u00e4t f\u00fcr Wirtschafts- und Sozialwissenschaften der Universit\u00e4t Hamburg (Deutschland) und Senior Fellow am Center for Sustainable Finance and Private Wealth der Universit\u00e4t Z\u00fcrich (Schweiz). Er h\u00e4lt Vorlesungen an der Eidgen\u00f6ssischen Technischen Hochschule (ETH) Z\u00fcrich und lehrte an der Duisenberg School of Finance (Niederlande). Timo Busch hatte mehrere Forschungsaufenthalte, unter anderem an der John Molson School of Business (Kanada), der Amsterdam Business School (Niederlande), der Nanyang Business School (Singapur) und der University of Berkeley (USA). Er war Delegierter der Vereinten Nationen auf der Rio+20-Konferenz \u00fcber nachhaltige Entwicklung. Timo Busch ist Mitglied des wissenschaftlichen Beirats des Vereins f\u00fcr Umweltmanagement und Nachhaltigkeit in Finanzinstituten (VfU). Er ist Mitglied des Editorial Board der Fachzeitschriften Organization &amp; Environment, Journal of Business Ethics und Business Strategy and the Environment. Seine Arbeiten wurden in internationalen Fachzeitschriften wie Business &amp; Society, Business Strategy and the Environment, California Management Review, Ecological Economics, Energy Economics, Journal of Business Ethics, Journal of Industrial Ecology, Long Range Planning, Scandinavian Management Journal und Strategic Management Journal ver\u00f6ffentlicht.<\/p>\n<figure><img loading=\"lazy\" decoding=\"async\" class=\"alignnone size-medium wp-image-327\" src=\"https:\/\/first-ev.org\/wp-content\/uploads\/2022\/02\/Bassen-1024x850-1-300x249.jpg\" alt=\"\" width=\"300\" height=\"249\" \/><\/figure>\n<h3>Alexander Bassen<\/h3>\n<p>Alexander Bassen is a full professor of capital markets and management at the University of Hamburg, Faculty of Business, Economics and Social Science (Germany). He teaches courses in finance and investment, ESG and capital markets and reporting. Alex Bassen is a member of the German Council for Sustainable Development \u2013 advisory body of the German Federal Government, the Sustainable Finance Advisory Council of the German Federal Government, and the German Advisory Council on Global Change of the German Federal Government.\u00a0He is an Honorary Research Associate at the University of Oxford (Smith School of Enterprise and the Environment) and a Visiting Professor at the Hong Kong Baptist University. In addition, he serves as a member on several advisory committees for sustainable finance. His work has been published in e.g. Energy Economics, Organisation and Environment, Energy Policy, Journal of Sustainable Finance &amp; Investment, Journal of Business Economics, and Applied Economics.<\/p>\n<figure>\n<p><img loading=\"lazy\" decoding=\"async\" class=\"size-medium wp-image-386\" src=\"https:\/\/first-ev.org\/wp-content\/uploads\/2022\/02\/WolfgangBW4-e1753188681359-300x250.jpg\" alt=\"\" width=\"300\" height=\"250\" srcset=\"https:\/\/first-ev.org\/wp-content\/uploads\/2022\/02\/WolfgangBW4-e1753188681359-300x250.jpg 300w, https:\/\/first-ev.org\/wp-content\/uploads\/2022\/02\/WolfgangBW4-e1753188681359-768x641.jpg 768w, https:\/\/first-ev.org\/wp-content\/uploads\/2022\/02\/WolfgangBW4-e1753188681359-14x12.jpg 14w, https:\/\/first-ev.org\/wp-content\/uploads\/2022\/02\/WolfgangBW4-e1753188681359.jpg 968w\" sizes=\"auto, (max-width: 300px) 100vw, 300px\" \/><\/p>\n<\/figure>\n<h3>Wolfgang Drobetz<\/h3>\n<p>Wolfgang Drobetz ist Professor f\u00fcr Finanzwissenschaft an der Universit\u00e4t Hamburg. Er promovierte in Volkswirtschaftslehre an der Universit\u00e4t St. Gallen und habilitierte sich an der Universit\u00e4t Basel. Wolfgang lehrte Finanztheorie an der Bucerius Law School, der WHU Otto Beisheim Graduate School und der IAE Business School. Seine Forschungsinteressen umfassen Corporate Finance, Corporate Governance, Asset Management und Schiffsfinanzierung. Wolfgangs Forschungsergebnisse wurden in f\u00fchrenden akademischen und praktischen Fachzeitschriften ver\u00f6ffentlicht. Er ist Mitglied des redaktionellen Beirats mehrerer wissenschaftlicher Zeitschriften, war Co-Pr\u00e4sident der European Financial Management Association und ist Direktor des Hamburg Financial Research Center (HFRC).<\/p>\n<figure><img loading=\"lazy\" decoding=\"async\" class=\"alignnone size-medium wp-image-352\" src=\"https:\/\/first-ev.org\/wp-content\/uploads\/2022\/02\/Lopatta-1024x850-1-300x249.jpg\" alt=\"\" width=\"300\" height=\"249\" \/><\/figure>\n<h3>Kerstin Lopatta<\/h3>\n<p class=\"translation-block\"><span style=\"color: #808080\"><span style=\"font-size: 10pt\">Kerstin Lopatta ist Lehrstuhlinhaberin f\u00fcr Rechnungswesen, Wirtschaftspr\u00fcfung und Nachhaltigkeit an der Fakult\u00e4t f\u00fcr Wirtschafts- und Sozialwissenschaften der Universit\u00e4t Hamburg und Lehrbeauftragte an der Fakult\u00e4t f\u00fcr Recht, Wirtschaft und Finanzen der Universit\u00e4t Luxemburg. Sie hat als Wirtschaftspr\u00fcferin bei einer Big-4-Wirtschaftspr\u00fcfungsgesellschaft gearbeitet und mehrere internationale Forschungsaufenthalte absolviert, u.a. an der City University Hong Kong und der Stern School of Business der New York University. Ihre Arbeiten im Bereich der nachhaltigen Finanzen und der nachhaltigen Rechnungslegung wurden in hochrangigen internationalen Fachzeitschriften ver\u00f6ffentlicht. In ihrer Forschung untersucht sie empirisch die Auswirkungen von Umwelt-, Sozial- und Governance-Faktoren auf Wirtschaft und Gesellschaft. Sie analysiert auch die Auswirkungen von Rechnungslegungsvorschriften auf Unternehmensentscheidungen. Schlie\u00dflich befasst sie sich mit Themen der Unternehmensf\u00fchrung wie Vorstandsstruktur und Diversit\u00e4t. Kerstin Lopatta ist Mitglied des Managementkomitees der Sustainable Finance Research Platform und Mitglied des Vorstands der Global Research Alliance for Sustainable Finance and Investment (GRASFI).<\/span><\/span><\/p>\n<figure><img loading=\"lazy\" decoding=\"async\" class=\"alignnone size-medium wp-image-394\" src=\"https:\/\/first-ev.org\/wp-content\/uploads\/2022\/02\/Falkobw-e1753188448120-300x249.jpg\" alt=\"\" width=\"300\" height=\"249\" srcset=\"https:\/\/first-ev.org\/wp-content\/uploads\/2022\/02\/Falkobw-e1753188448120-300x249.jpg 300w, https:\/\/first-ev.org\/wp-content\/uploads\/2022\/02\/Falkobw-e1753188448120-768x637.jpg 768w, https:\/\/first-ev.org\/wp-content\/uploads\/2022\/02\/Falkobw-e1753188448120-14x12.jpg 14w, https:\/\/first-ev.org\/wp-content\/uploads\/2022\/02\/Falkobw-e1753188448120.jpg 974w\" sizes=\"auto, (max-width: 300px) 100vw, 300px\" \/><\/figure>\n<h3>Falko Paetzold<\/h3>\n<p>Falko Paetzold ist Assistenzprofessor f\u00fcr Social Finance an der EBS Universit\u00e4t und Initiator und Direktor der ersten universit\u00e4ren Einheit, die sich mit der Schnittstelle von Nachhaltigkeit und Privatverm\u00f6gen besch\u00e4ftigt, dem Center for Sustainable Finance and Private Wealth (CSP) an der Universit\u00e4t Z\u00fcrich. Das Zentrum ist ein Spin-off des Programms Impact Investing for the Next Generation f\u00fcr Privatverm\u00f6gensbesitzer, das er als Fellow der Initiative for Responsible Investment an der Harvard University mitinitiiert hat. Falko war Nachhaltigkeitsanalyst bei der Bank Vontobel AG in Z\u00fcrich und beriet als Partner der Beratungsfirma Contrast Capital Banken und Family Offices. Er gr\u00fcndete das Netzwerk GreenBuzz, das es Unternehmern erm\u00f6glicht, Nachhaltigkeit in ihren Unternehmen voranzutreiben. Falko hat einen Doktortitel der Universit\u00e4t Z\u00fcrich und einen MBA der Universit\u00e4t St. Gallen (HSG) in der Schweiz. W\u00e4hrend und nach seinem Doktorat war er Forscher an der ETH Z\u00fcrich, Fellow an der Harvard University und Post-Doc am MIT Sloan.<\/p>\n<figure><img loading=\"lazy\" decoding=\"async\" class=\"alignnone size-medium wp-image-444\" src=\"https:\/\/first-ev.org\/wp-content\/uploads\/2022\/02\/Matthias_Stapelfeldtbw-e1753188562205-300x249.jpg\" alt=\"\" width=\"300\" height=\"249\" srcset=\"https:\/\/first-ev.org\/wp-content\/uploads\/2022\/02\/Matthias_Stapelfeldtbw-e1753188562205-300x249.jpg 300w, https:\/\/first-ev.org\/wp-content\/uploads\/2022\/02\/Matthias_Stapelfeldtbw-e1753188562205-768x637.jpg 768w, https:\/\/first-ev.org\/wp-content\/uploads\/2022\/02\/Matthias_Stapelfeldtbw-e1753188562205-14x12.jpg 14w, https:\/\/first-ev.org\/wp-content\/uploads\/2022\/02\/Matthias_Stapelfeldtbw-e1753188562205.jpg 974w\" sizes=\"auto, (max-width: 300px) 100vw, 300px\" \/><\/figure>\n<h3>Matthias Stapelfeldt<\/h3>\n<p style=\"text-align: left;\">Matthias Stapelfeldt war als gelernter Bankkaufmann von 1984-1992 in zwei deutschen Gro\u00dfbanken in der Betreuung verm\u00f6gender Privatkunden im In- und Ausland sowie im Portfolio Management t\u00e4tig. Seit 1992 bekleidete bei Union Investment verschiedene Leitungsfunktionen in den Bereichen Markt, Strategie und Kommunikation war bis Februar 2020 als Nachhaltigkeitsbeauftragter verantwortlich f\u00fcr die Entwicklung und Implementierung der Nachhaltigkeitsstrategie f\u00fcr die Union Investment-Gruppe. \u00dcber das Unternehmen hinaus war er bis Februar 2020 Mitglied des Beirats f\u00fcr Sustainable Finance der Bundesregierung. Derzeit ist er jeweils in Vorstandspositionen im Verein f\u00fcr Umweltmanagement und Nachhaltigkeit in Finanzinstituten e.V. (VfU), im Green and Sustainable Finance Cluster Germany e.v. sowie im FIRST e.V. t\u00e4tig.<\/p>\n<figure><img decoding=\"async\" title=\"Ulrich Eilebrechtbw\" src=\"https:\/\/first-ev.org\/wp-content\/uploads\/elementor\/thumbs\/Ulrich-Eilebrechtbw-pl68kdztt5j59yydggyrsosebawh6xnqis1lz61y74.jpg\" alt=\"Ulrich Eilebrechtbw\" \/><\/figure>\n<h3>Ulrich Eilebrecht<\/h3>\n<p>Ulrich Eilebrecht, studierter Verwaltungswissenschaftler, ist nach diversen F\u00fchrungsaufgaben in unterschiedlichen  Kommunen, zuletzt als einer der ersten hauptamtlichen B\u00fcrgermeister in NRW und Gesch\u00e4ftsf\u00fchrer einer Wohnungsbaugesellschaft, aktuell als Unternehmensberater und Projektentwickler selbstst\u00e4ndig t\u00e4tig.<\/p>\n<figure><img loading=\"lazy\" decoding=\"async\" src=\"https:\/\/first-ev.org\/wp-content\/uploads\/2023\/05\/Kolbel_Julian_no-tie_bw-240x300.jpg\" alt=\"Portrait of Julian K\u00f6lbel\" width=\"240\" height=\"300\" \/><\/figure>\n<h3>Julian K\u00f6lbel<\/h3>\n<p>Julian K\u00f6lbel ist Assistenzprofessor f\u00fcr nachhaltige Finanzen an der Universit\u00e4t St. Gallen, School of Finance und Center for Financial Services Innovation. Er ist research affiliate an der MIT Sloan School, und Fakult\u00e4tsmitglied des Swiss Finance Institute. Seine Forschungsarbeiten befassen sich mit den realen Auswirkungen nachhaltiger Investitionen, der Analyse von Umwelt-, Sozial- und Governance-Kennzahlen (ESG) und den Pr\u00e4ferenzen von Anlegern in Bezug auf Nachhaltigkeit.<\/p>\n<p><img loading=\"lazy\" decoding=\"async\" class=\"size-medium wp-image-1284\" src=\"https:\/\/first-ev.org\/wp-content\/uploads\/2025\/03\/FIRST-Roland-Kolsch_sw-scaled-e1753191313665-300x249.jpg\" alt=\"\" width=\"300\" height=\"249\" srcset=\"https:\/\/first-ev.org\/wp-content\/uploads\/2025\/03\/FIRST-Roland-Kolsch_sw-scaled-e1753191313665-300x249.jpg 300w, https:\/\/first-ev.org\/wp-content\/uploads\/2025\/03\/FIRST-Roland-Kolsch_sw-scaled-e1753191313665-768x637.jpg 768w, https:\/\/first-ev.org\/wp-content\/uploads\/2025\/03\/FIRST-Roland-Kolsch_sw-scaled-e1753191313665-14x12.jpg 14w, https:\/\/first-ev.org\/wp-content\/uploads\/2025\/03\/FIRST-Roland-Kolsch_sw-scaled-e1753191313665.jpg 974w\" sizes=\"auto, (max-width: 300px) 100vw, 300px\" \/><\/p>\n\n\n<h3 class=\"wp-block-heading\">Roland K\u00f6lsch<\/h3>\n\n\n\n<p class=\"translation-block\">Roland K\u00f6lsch, ehemaliger konventioneller und mit einem Lipper-Award ausgezeichneter SRI-Fondsmanager, verantwortet als Gesch\u00e4ftsf\u00fchrer des gemeinn\u00fctzigen Wissenschaftsvereins F.I.R.S.T. u.a. den deutschsprachigen SRI-Qualit\u00e4tsstandard, das FNG-Siegel.\nEr ist seit 2005 im Bereich nachhaltiger Geldanlagen in Br\u00fcssel, Deutschland, der Schweiz und Paris aktiv. Klassisch als Bankkaufmann ausgebildet, bringt er sein Fachwissen nach Hochschul-Vorlesungen derzeit auch in Arbeitsgruppen des Sustainable Finance-Beirats der Bundesregierung und der EU ein. Privat ist Rudern seine Leidenschaft.<br><a href=\"https:\/\/first-ev.org\/wp-content\/uploads\/Vita-K\u00f6lsch_kurz-022025.pdf\" title=\"\" target=\"_self\">Link to CV<\/a><\/p>\n\n\n\n<p><\/p>","protected":false},"excerpt":{"rendered":"<p>Our members include university professors and investment professionals with economics, finance and sustainability background and years of experience in sustainable finance. Timo Busch Timo Busch is a full professor at the School of Business, Economics and Social Science of University of Hamburg (Germany) and Senior Fellow at the Center for<\/p>","protected":false},"author":1,"featured_media":0,"parent":0,"menu_order":0,"comment_status":"closed","ping_status":"closed","template":"","meta":{"footnotes":""},"class_list":["post-101","page","type-page","status-publish","hentry"],"aioseo_notices":[],"_links":{"self":[{"href":"https:\/\/first-ev.org\/de\/wp-json\/wp\/v2\/pages\/101","targetHints":{"allow":["GET"]}}],"collection":[{"href":"https:\/\/first-ev.org\/de\/wp-json\/wp\/v2\/pages"}],"about":[{"href":"https:\/\/first-ev.org\/de\/wp-json\/wp\/v2\/types\/page"}],"author":[{"embeddable":true,"href":"https:\/\/first-ev.org\/de\/wp-json\/wp\/v2\/users\/1"}],"replies":[{"embeddable":true,"href":"https:\/\/first-ev.org\/de\/wp-json\/wp\/v2\/comments?post=101"}],"version-history":[{"count":502,"href":"https:\/\/first-ev.org\/de\/wp-json\/wp\/v2\/pages\/101\/revisions"}],"predecessor-version":[{"id":1315,"href":"https:\/\/first-ev.org\/de\/wp-json\/wp\/v2\/pages\/101\/revisions\/1315"}],"wp:attachment":[{"href":"https:\/\/first-ev.org\/de\/wp-json\/wp\/v2\/media?parent=101"}],"curies":[{"name":"wp","href":"https:\/\/api.w.org\/{rel}","templated":true}]}}